{"id":1030,"date":"2021-06-17T12:44:24","date_gmt":"2021-06-17T11:44:24","guid":{"rendered":"https:\/\/www.brainheart.life\/?page_id=1030"},"modified":"2025-09-22T11:19:24","modified_gmt":"2025-09-22T10:19:24","slug":"home","status":"publish","type":"page","link":"https:\/\/www.brainheart.life\/en\/home\/","title":{"rendered":"Home"},"content":{"rendered":"<h1 style=\"text-align: center;\"><strong>Du m\u00f6chtest mehr Leser f\u00fcr deinen Blog und mehr Kunden f\u00fcr dein Online-Business?<\/strong><\/h1>\n<p style=\"text-align: center;\">Dann mache es wie 10.500+ andere Online-Unternehmer und abonniere unseren Newsletter mit exklusiven Blog- und SEO-Tipps. Als Geschenk erh\u00e4ltst du unser E-Book <em>Die 12 Gesetze unglaublich erfolgreicher Blogartikel<\/em>.<\/p>\n<p style=\"text-align: center;\">Please enter a valid email.<\/p>\n<p style=\"text-align: center;\">Abmeldung jederzeit m\u00f6glich. Etwa 2 bis 5 E-Mails im Monat. Die Einwilligung umfasst die Hinweise zu Widerruf, Versanddienstleister und Statistik gem\u00e4\u00df unserer <a href=\"https:\/\/www.blogmojo.de\/datenschutzerklaerung\/\" style=\"outline: none;\" target=\"_blank\" rel=\"noopener\">Privacy policy<\/a>.<\/p>\n<p><span><img decoding=\"async\" alt=\"\" data-id=\"1042\" width=\"261\" data-init-width=\"261\" height=\"300\" data-init-height=\"300\" title=\"gesetze-erfolgreicher-blogartikel.png (1)\" loading=\"lazy\" src=\"https:\/\/www.brainheart.life\/wp-content\/uploads\/2021\/06\/gesetze-erfolgreicher-blogartikel.png-1-261x300.png\" data-width=\"261\" data-height=\"300\"><\/span><\/p>\n<h2 style=\"text-align: center;\"><strong>Wie k\u00f6nnen wir dir helfen?<\/strong><\/h2>\n<p style=\"text-align: center;\"><strong>Ich m\u00f6chte WordPress lernen.<\/strong><\/p>\n<p style=\"text-align: center;\">Lerne, wie du WordPress installieren, richtig konfigurieren und bedienen kannst.<\/p>\n<p style=\"text-align: center;\"><strong>Ich m\u00f6chte WordPress lernen.<\/strong><\/p>\n<p style=\"text-align: center;\">Lerne, wie du WordPress installieren, richtig konfigurieren und bedienen kannst.<\/p>\n<p style=\"text-align: center;\"><strong>Ich m\u00f6chte WordPress lernen.<\/strong><\/p>\n<p style=\"text-align: center;\">Lerne, wie du WordPress installieren, richtig konfigurieren und bedienen kannst.<\/p>\n<h2 style=\"text-align: center;\"><strong>Neues aus dem Blog<\/strong><\/h2>\n<div class=\"tcb-post-list tve-content-list thrv_wrapper\" data-type=\"grid\" data-pagination-type=\"none\" data-pages_near_current=\"2\" data-css=\"tve-u-17a1a45dcc7\" data-total_post_count=\"4\" data-total_sticky_count=\"0\" data-disabled-links=\"0\" data-no_posts_text=\"There are no posts to display.\"><article id=\"post-2254\" class=\"post-2254 post type-post status-publish format-standard has-post-thumbnail hentry category-coaching category-motivation post-wrapper thrv_wrapper thrive-animated-item\" tcb_hover_state_parent=\"\" data-id=\"2254\" data-selector=\".post-wrapper\"><style class=\"tcb-post-list-dynamic-style\" type=\"text\/css\">@media (min-width: 300px){[].tcb-post-list #post-2254 []{background-image: url(&#8222;https:\/\/www.brainheart.life\/wp-content\/uploads\/2023\/06\/AdobeStock_181785078_-deagreez_Titelbild_Coaching.jpeg&#8222;) !important;}[].tcb-post-list #post-2254 []:hover []{background-image: linear-gradient(rgba(255, 255, 255, 0.08), rgba(255, 255, 255, 0.08)), url(&#8222;https:\/\/www.brainheart.life\/wp-content\/uploads\/2023\/06\/AdobeStock_181785078_-deagreez_Titelbild_Coaching.jpeg&#8222;) !important;}}<\/style><a href=\"https:\/\/www.brainheart.life\/en\/blog\/coaching\/motivationscoaching-im-coaching\/\" dynamic-postlink=\"tcb_post_the_permalink\" data-shortcode-id=\"1064\"><\/a><\/p>\n<h2><span data-attr-css=\"tve-u-17a1a45dcd0\" data-attr-link=\"1\" data-attr-rel=\"0\" data-attr-target=\"0\" data-extra_key=\"\" data-option-inline=\"1\" data-shortcode=\"tcb_post_title\" data-shortcode-name=\"Post title\" data-attr-static-link=\"{&quot;className&quot;:&quot;tve-froala fr-basic&quot;,&quot;href&quot;:&quot;https:\/\/www.brainheart.life\/uncategorized\/clone-of-das-wurzelchakra-staerke-deine-lebenskraft-und-dein-selbstbewusstsein\/&quot;,&quot;title&quot;:&quot;Clone of Das Wurzelchakra \u2013 St\u00e4rke deine Lebenskraft und dein Selbstbewusstsein&quot;,&quot;data-css&quot;:&quot;tve-u-17a1a45dcd0&quot;,&quot;class&quot;:&quot;tve-froala fr-basic&quot;}\"><a href=\"https:\/\/www.brainheart.life\/en\/blog\/coaching\/motivationscoaching-im-coaching\/\" title=\"Motivationscoaching: 20 effektive Techniken zur Motivationsst\u00e4rkung deiner Klienten im Coaching\" data-css=\"tve-u-17a1a45dcd0\" class=\"tve-froala fr-basic\">Motivationscoaching: 20 effektive Techniken zur Motivationsst\u00e4rkung deiner Klienten im Coaching<\/a><\/span><\/h2>\n<p><span data-extra_key=\"\" data-option-inline=\"1\" data-attr-date-format=\"F j, Y\" data-attr-date-format-select=\"F j, Y\" data-attr-show-time=\"0\" data-attr-time-format=\"\" data-attr-time-format-select=\"g:i a\" data-attr-type=\"published\" data-shortcode=\"tcb_post_published_date\" data-shortcode-name=\"Post date\" style=\"\">June 4, 2023 <\/span><\/article><article id=\"post-2233\" class=\"post-2233 post type-post status-publish format-standard has-post-thumbnail hentry category-empathie post-wrapper thrv_wrapper thrive-animated-item\" tcb_hover_state_parent=\"\" data-id=\"2233\" data-selector=\".post-wrapper\"><style class=\"tcb-post-list-dynamic-style\" type=\"text\/css\">@media (min-width: 300px){[].tcb-post-list #post-2233 []{background-image: url(&#8222;https:\/\/www.brainheart.life\/wp-content\/uploads\/2023\/06\/AdobeStock_302643137_Kateryna-Kovarzh_Kommnikation.jpeg&#8222;) !important;}[].tcb-post-list #post-2233 []:hover []{background-image: linear-gradient(rgba(255, 255, 255, 0.08), rgba(255, 255, 255, 0.08)), url(&#8222;https:\/\/www.brainheart.life\/wp-content\/uploads\/2023\/06\/AdobeStock_302643137_Kateryna-Kovarzh_Kommnikation.jpeg&#8222;) !important;}}<\/style><a href=\"https:\/\/www.brainheart.life\/en\/blog\/coaching\/empathie\/empathische-kommunikation\/\" dynamic-postlink=\"tcb_post_the_permalink\" data-shortcode-id=\"1064\"><\/a><\/p>\n<h2><span data-attr-css=\"tve-u-17a1a45dcd0\" data-attr-link=\"1\" data-attr-rel=\"0\" data-attr-target=\"0\" data-extra_key=\"\" data-option-inline=\"1\" data-shortcode=\"tcb_post_title\" data-shortcode-name=\"Post title\" data-attr-static-link=\"{&quot;className&quot;:&quot;tve-froala fr-basic&quot;,&quot;href&quot;:&quot;https:\/\/www.brainheart.life\/uncategorized\/clone-of-das-wurzelchakra-staerke-deine-lebenskraft-und-dein-selbstbewusstsein\/&quot;,&quot;title&quot;:&quot;Clone of Das Wurzelchakra \u2013 St\u00e4rke deine Lebenskraft und dein Selbstbewusstsein&quot;,&quot;data-css&quot;:&quot;tve-u-17a1a45dcd0&quot;,&quot;class&quot;:&quot;tve-froala fr-basic&quot;}\"><a href=\"https:\/\/www.brainheart.life\/en\/blog\/coaching\/empathie\/empathische-kommunikation\/\" title=\"Empathische Kommunikation: Von aktivem Zuh\u00f6ren zu tiefgehendem Verstehen\" data-css=\"tve-u-17a1a45dcd0\" class=\"tve-froala fr-basic\">Empathische Kommunikation: Von aktivem Zuh\u00f6ren zu tiefgehendem Verstehen<\/a><\/span><\/h2>\n<p><span data-extra_key=\"\" data-option-inline=\"1\" data-attr-date-format=\"F j, Y\" data-attr-date-format-select=\"F j, Y\" data-attr-show-time=\"0\" data-attr-time-format=\"\" data-attr-time-format-select=\"g:i a\" data-attr-type=\"published\" data-shortcode=\"tcb_post_published_date\" data-shortcode-name=\"Post date\" style=\"\">May 25, 2023 <\/span><\/article><article id=\"post-2200\" class=\"post-2200 post type-post status-publish format-standard has-post-thumbnail hentry category-hochsensibilitaet tag-coaching post-wrapper thrv_wrapper thrive-animated-item\" tcb_hover_state_parent=\"\" data-id=\"2200\" data-selector=\".post-wrapper\"><style class=\"tcb-post-list-dynamic-style\" type=\"text\/css\">@media (min-width: 300px){[].tcb-post-list #post-2200 []{background-image: url(&#8222;https:\/\/www.brainheart.life\/wp-content\/uploads\/2023\/05\/AdobeStock_250313661_contrastwerkstatt_Gehirn_TItelbild.jpeg&#8222;) !important;}[].tcb-post-list #post-2200 []:hover []{background-image: linear-gradient(rgba(255, 255, 255, 0.08), rgba(255, 255, 255, 0.08)), url(&#8222;https:\/\/www.brainheart.life\/wp-content\/uploads\/2023\/05\/AdobeStock_250313661_contrastwerkstatt_Gehirn_TItelbild.jpeg&#8222;) !important;}}<\/style><a href=\"https:\/\/www.brainheart.life\/en\/blog\/hochsensibilitaet\/hochsensibilitaet-psychologie\/\" dynamic-postlink=\"tcb_post_the_permalink\" data-shortcode-id=\"1064\"><\/a><\/p>\n<h2><span data-attr-css=\"tve-u-17a1a45dcd0\" data-attr-link=\"1\" data-attr-rel=\"0\" data-attr-target=\"0\" data-extra_key=\"\" data-option-inline=\"1\" data-shortcode=\"tcb_post_title\" data-shortcode-name=\"Post title\" data-attr-static-link=\"{&quot;className&quot;:&quot;tve-froala fr-basic&quot;,&quot;href&quot;:&quot;https:\/\/www.brainheart.life\/uncategorized\/clone-of-das-wurzelchakra-staerke-deine-lebenskraft-und-dein-selbstbewusstsein\/&quot;,&quot;title&quot;:&quot;Clone of Das Wurzelchakra \u2013 St\u00e4rke deine Lebenskraft und dein Selbstbewusstsein&quot;,&quot;data-css&quot;:&quot;tve-u-17a1a45dcd0&quot;,&quot;class&quot;:&quot;tve-froala fr-basic&quot;}\"><a href=\"https:\/\/www.brainheart.life\/en\/blog\/hochsensibilitaet\/hochsensibilitaet-psychologie\/\" title=\"Die Wissenschaft hinter der Hochsensibilit\u00e4t Psychologie: 4 Merkmale des hochsensiblen Gehirns\" data-css=\"tve-u-17a1a45dcd0\" class=\"tve-froala fr-basic\">Die Wissenschaft hinter der Hochsensibilit\u00e4t Psychologie: 4 Merkmale des hochsensiblen Gehirns<\/a><\/span><\/h2>\n<p><span data-extra_key=\"\" data-option-inline=\"1\" data-attr-date-format=\"F j, Y\" data-attr-date-format-select=\"F j, Y\" data-attr-show-time=\"0\" data-attr-time-format=\"\" data-attr-time-format-select=\"g:i a\" data-attr-type=\"published\" data-shortcode=\"tcb_post_published_date\" data-shortcode-name=\"Post date\" style=\"\">May 7, 2023 <\/span><\/article><article id=\"post-2184\" class=\"post-2184 post type-post status-publish format-standard has-post-thumbnail hentry category-hochsensibilitaet post-wrapper thrv_wrapper thrive-animated-item\" tcb_hover_state_parent=\"\" data-id=\"2184\" data-selector=\".post-wrapper\"><style class=\"tcb-post-list-dynamic-style\" type=\"text\/css\">@media (min-width: 300px){[].tcb-post-list #post-2184 []{background-image: url(&#8222;https:\/\/www.brainheart.life\/wp-content\/uploads\/2023\/05\/AdobeStock_50707547_Maridav_Titelbild-1024x683.jpeg&#8222;) !important;}[].tcb-post-list #post-2184 []:hover []{background-image: linear-gradient(rgba(255, 255, 255, 0.08), rgba(255, 255, 255, 0.08)), url(&#8222;https:\/\/www.brainheart.life\/wp-content\/uploads\/2023\/05\/AdobeStock_50707547_Maridav_Titelbild-1024x683.jpeg&#8222;) !important;}}<\/style><a href=\"https:\/\/www.brainheart.life\/en\/blog\/hochsensibilitaet\/hochsensibilitaet-als-staerke\/\" dynamic-postlink=\"tcb_post_the_permalink\" data-shortcode-id=\"1064\"><\/a><\/p>\n<h2><span data-attr-css=\"tve-u-17a1a45dcd0\" data-attr-link=\"1\" data-attr-rel=\"0\" data-attr-target=\"0\" data-extra_key=\"\" data-option-inline=\"1\" data-shortcode=\"tcb_post_title\" data-shortcode-name=\"Post title\" data-attr-static-link=\"{&quot;className&quot;:&quot;tve-froala fr-basic&quot;,&quot;href&quot;:&quot;https:\/\/www.brainheart.life\/uncategorized\/clone-of-das-wurzelchakra-staerke-deine-lebenskraft-und-dein-selbstbewusstsein\/&quot;,&quot;title&quot;:&quot;Clone of Das Wurzelchakra \u2013 St\u00e4rke deine Lebenskraft und dein Selbstbewusstsein&quot;,&quot;data-css&quot;:&quot;tve-u-17a1a45dcd0&quot;,&quot;class&quot;:&quot;tve-froala fr-basic&quot;}\"><a href=\"https:\/\/www.brainheart.life\/en\/blog\/hochsensibilitaet\/hochsensibilitaet-als-staerke\/\" title=\"Hochsensibilit\u00e4t als St\u00e4rke: Tipps und Impulse f\u00fcr den Umgang mit deiner Gabe\" data-css=\"tve-u-17a1a45dcd0\" class=\"tve-froala fr-basic\">Hochsensibilit\u00e4t als St\u00e4rke: Tipps und Impulse f\u00fcr den Umgang mit deiner Gabe<\/a><\/span><\/h2>\n<p><span data-extra_key=\"\" data-option-inline=\"1\" data-attr-date-format=\"F j, Y\" data-attr-date-format-select=\"F j, Y\" data-attr-show-time=\"0\" data-attr-time-format=\"\" data-attr-time-format-select=\"g:i a\" data-attr-type=\"published\" data-shortcode=\"tcb_post_published_date\" data-shortcode-name=\"Post date\" style=\"\">May 7, 2023 <\/span><\/article><\/div>\n<h2 style=\"text-align: center;\"><strong>Legend\u00e4re Listen und Guides<\/strong><\/h2>\n<p style=\"text-align: center;\">Wir sind bekannt f\u00fcr unsere hochwertigen und ausf\u00fchrlichen Guides und Listen rund um SEO, WordPress und Bloggen. Hier findest du die 18 beliebtesten:<\/p>\n<ul>\n<li style=\"\"><span style=\"\"><strong>SEO<\/strong><\/span><\/li>\n<\/ul>\n<ul>\n<li style=\"\"><span style=\"\"><a href=\"https:\/\/www.blogmojo.de\/google-ranking-faktoren\/\" style=\"outline: none;\" target=\"_blank\" rel=\"noopener\">Google-Ranking-Faktoren 2021: 200+ Fakten und Mythen<\/a><\/span><\/li>\n<li style=\"\">                    <span><a href=\"https:\/\/www.blogmojo.de\/core-web-vitals\/\" style=\"outline: none;\" target=\"_blank\" rel=\"noopener\">Core Web Vitals: Der ultimative Guide (inkl. Checkliste)<\/a><\/span><\/li>\n<li style=\"\"><span><a href=\"https:\/\/www.blogmojo.de\/google-suchoperatoren\/\" style=\"outline: none;\" target=\"_blank\" rel=\"noopener\">Google-Suchoperatoren: Die komplette Liste mit 46 Operatoren<\/a><\/span><\/li>\n<\/ul>\n<ul>\n<li style=\"\"><span style=\"\"><a href=\"https:\/\/www.blogmojo.de\/google-ranking-faktoren\/\" style=\"outline: none;\" target=\"_blank\" rel=\"noopener\"><\/a><a href=\"https:\/\/www.blogmojo.de\/wordpress-seo-plugins\/\" style=\"outline: none;\" target=\"_blank\" rel=\"noopener\">Die 18 besten SEO-Plugins f\u00fcr WordPress<\/a><\/span><\/li>\n<li style=\"\">                    <span><a href=\"https:\/\/www.blogmojo.de\/core-web-vitals\/\" style=\"outline: none;\" target=\"_blank\" rel=\"noopener\"><\/a><a href=\"https:\/\/www.blogmojo.de\/keyword-recherche\/\" style=\"outline: none;\" target=\"_blank\" rel=\"noopener\">Keyword-Recherche: Der ultimative Guide f\u00fcr Anf\u00e4nger<\/a><\/span><\/li>\n<li style=\"\"><span><a href=\"https:\/\/www.blogmojo.de\/google-suchoperatoren\/\" style=\"outline: none;\" target=\"_blank\" rel=\"noopener\"><\/a><a href=\"https:\/\/www.blogmojo.de\/keyword-tools\/\" style=\"outline: none;\" target=\"_blank\" rel=\"noopener\">Die 15 besten Keyword-Tools (inkl. Geheimtipps)<\/a><\/span><\/li>\n<\/ul>\n<ul>\n<li style=\"\"><span style=\"\"><strong>BLOGGEN<\/strong><\/span><\/li>\n<\/ul>\n<ul>\n<li style=\"\"><span style=\"\"><a href=\"https:\/\/www.blogmojo.de\/google-ranking-faktoren\/\" style=\"outline: none;\" target=\"_blank\" rel=\"noopener\">Google-Ranking-Faktoren 2021: 200+ Fakten und Mythen<\/a><\/span><\/li>\n<li style=\"\">                    <span><a href=\"https:\/\/www.blogmojo.de\/core-web-vitals\/\" style=\"outline: none;\" target=\"_blank\" rel=\"noopener\">Core Web Vitals: Der ultimative Guide (inkl. Checkliste)<\/a><\/span><\/li>\n<li style=\"\"><span><a href=\"https:\/\/www.blogmojo.de\/google-suchoperatoren\/\" style=\"outline: none;\" target=\"_blank\" rel=\"noopener\">Google-Suchoperatoren: Die komplette Liste mit 46 Operatoren<\/a><\/span><\/li>\n<\/ul>\n<ul>\n<li style=\"\"><span style=\"\"><a href=\"https:\/\/www.blogmojo.de\/google-ranking-faktoren\/\" style=\"outline: none;\" target=\"_blank\" rel=\"noopener\"><\/a><a href=\"https:\/\/www.blogmojo.de\/wordpress-seo-plugins\/\" style=\"outline: none;\" target=\"_blank\" rel=\"noopener\">Die 18 besten SEO-Plugins f\u00fcr WordPress<\/a><\/span><\/li>\n<li style=\"\">                    <span><a href=\"https:\/\/www.blogmojo.de\/core-web-vitals\/\" style=\"outline: none;\" target=\"_blank\" rel=\"noopener\"><\/a><a href=\"https:\/\/www.blogmojo.de\/keyword-recherche\/\" style=\"outline: none;\" target=\"_blank\" rel=\"noopener\">Keyword-Recherche: Der ultimative Guide f\u00fcr Anf\u00e4nger<\/a><\/span><\/li>\n<li style=\"\"><span><a href=\"https:\/\/www.blogmojo.de\/google-suchoperatoren\/\" style=\"outline: none;\" target=\"_blank\" rel=\"noopener\"><\/a><a href=\"https:\/\/www.blogmojo.de\/keyword-tools\/\" style=\"outline: none;\" target=\"_blank\" rel=\"noopener\">Die 15 besten Keyword-Tools (inkl. Geheimtipps)<\/a><\/span><\/li>\n<\/ul>\n<ul>\n<li style=\"\"><span style=\"\"><strong>WORDPRESS<\/strong><\/span><\/li>\n<\/ul>\n<ul>\n<li style=\"\"><span style=\"\"><a href=\"https:\/\/www.blogmojo.de\/google-ranking-faktoren\/\" style=\"outline: none;\" target=\"_blank\" rel=\"noopener\">Google-Ranking-Faktoren 2021: 200+ Fakten und Mythen<\/a><\/span><\/li>\n<li style=\"\">                    <span><a href=\"https:\/\/www.blogmojo.de\/core-web-vitals\/\" style=\"outline: none;\" target=\"_blank\" rel=\"noopener\">Core Web Vitals: Der ultimative Guide (inkl. Checkliste)<\/a><\/span><\/li>\n<li style=\"\"><span><a href=\"https:\/\/www.blogmojo.de\/google-suchoperatoren\/\" style=\"outline: none;\" target=\"_blank\" rel=\"noopener\">Google-Suchoperatoren: Die komplette Liste mit 46 Operatoren<\/a><\/span><\/li>\n<\/ul>\n<ul>\n<li style=\"\"><span style=\"\"><a href=\"https:\/\/www.blogmojo.de\/google-ranking-faktoren\/\" style=\"outline: none;\" target=\"_blank\" rel=\"noopener\"><\/a><a href=\"https:\/\/www.blogmojo.de\/wordpress-seo-plugins\/\" style=\"outline: none;\" target=\"_blank\" rel=\"noopener\">Die 18 besten SEO-Plugins f\u00fcr WordPress<\/a><\/span><\/li>\n<li style=\"\">                    <span><a href=\"https:\/\/www.blogmojo.de\/core-web-vitals\/\" style=\"outline: none;\" target=\"_blank\" rel=\"noopener\"><\/a><a href=\"https:\/\/www.blogmojo.de\/keyword-recherche\/\" style=\"outline: none;\" target=\"_blank\" rel=\"noopener\">Keyword-Recherche: Der ultimative Guide f\u00fcr Anf\u00e4nger<\/a><\/span><\/li>\n<li style=\"\"><span><a href=\"https:\/\/www.blogmojo.de\/google-suchoperatoren\/\" style=\"outline: none;\" target=\"_blank\" rel=\"noopener\"><\/a><a href=\"https:\/\/www.blogmojo.de\/keyword-tools\/\" style=\"outline: none;\" target=\"_blank\" rel=\"noopener\">Die 15 besten Keyword-Tools (inkl. Geheimtipps)<\/a><\/span><\/li>\n<\/ul>\n<h2 style=\"text-align: center;\"><strong>Das sagen Kunden\u2026<\/strong><\/h2>\n<p><span><img decoding=\"async\" alt=\"\" data-id=\"1074\" width=\"98\" data-init-width=\"515\" height=\"98\" data-init-height=\"515\" title=\"anke-ernst-e1619460492318\" loading=\"lazy\" src=\"https:\/\/www.brainheart.life\/wp-content\/uploads\/2021\/06\/anke-ernst-e1619460492318.jpg\" data-width=\"98\" data-height=\"98\" style=\"\"><\/span><\/p>\n<p style=\"text-align: center;\"><span style=\"font-size: 18px; color: rgb(0, 0, 0);\"><strong>Anke Ernst<\/strong><\/span><strong><\/strong><\/p>\n<p style=\"text-align: center;\"><a href=\"https:\/\/indeinenworten.de\/\" rel=\"noopener\" style=\"outline: none;\" target=\"_blank\">indeinenworten.de<\/a><\/p>\n<p style=\"text-align: center;\">\u201cFinn ist ein sympathischer Experte (und Nerd), sein Wissen fundiert und seine Begeisterung ansteckend. Endlich habe ich verstanden, wie Google und SEO funktionieren.\u201d<\/p>\n<p><span><img decoding=\"async\" alt=\"\" data-id=\"1074\" width=\"98\" data-init-width=\"515\" height=\"98\" data-init-height=\"515\" title=\"anke-ernst-e1619460492318\" loading=\"lazy\" src=\"https:\/\/www.brainheart.life\/wp-content\/uploads\/2021\/06\/anke-ernst-e1619460492318.jpg\" data-width=\"98\" data-height=\"98\" style=\"\"><\/span><\/p>\n<p style=\"text-align: center;\"><span style=\"font-size: 18px; color: rgb(0, 0, 0);\"><strong>Anke Ernst<\/strong><\/span><strong><\/strong><\/p>\n<p style=\"text-align: center;\"><a href=\"https:\/\/indeinenworten.de\/\" rel=\"noopener\" style=\"outline: none;\" target=\"_blank\">indeinenworten.de<\/a><\/p>\n<p style=\"text-align: center;\">\u201cFinn ist ein sympathischer Experte (und Nerd), sein Wissen fundiert und seine Begeisterung ansteckend. Endlich habe ich verstanden, wie Google und SEO funktionieren.\u201d<\/p>\n<p><span><img decoding=\"async\" alt=\"\" data-id=\"1074\" width=\"98\" data-init-width=\"515\" height=\"98\" data-init-height=\"515\" title=\"anke-ernst-e1619460492318\" loading=\"lazy\" src=\"https:\/\/www.brainheart.life\/wp-content\/uploads\/2021\/06\/anke-ernst-e1619460492318.jpg\" data-width=\"98\" data-height=\"98\" style=\"\"><\/span><\/p>\n<p style=\"text-align: center;\"><span style=\"font-size: 18px; color: rgb(0, 0, 0);\"><strong>Anke Ernst<\/strong><\/span><strong><\/strong><\/p>\n<p style=\"text-align: center;\"><a href=\"https:\/\/indeinenworten.de\/\" rel=\"noopener\" style=\"outline: none;\" target=\"_blank\">indeinenworten.de<\/a><\/p>\n<p style=\"text-align: center;\">\u201cFinn ist ein sympathischer Experte (und Nerd), sein Wissen fundiert und seine Begeisterung ansteckend. Endlich habe ich verstanden, wie Google und SEO funktionieren.\u201d<\/p>\n<p><span><img decoding=\"async\" alt=\"\" data-id=\"1074\" width=\"98\" data-init-width=\"515\" height=\"98\" data-init-height=\"515\" title=\"anke-ernst-e1619460492318\" loading=\"lazy\" src=\"https:\/\/www.brainheart.life\/wp-content\/uploads\/2021\/06\/anke-ernst-e1619460492318.jpg\" data-width=\"98\" data-height=\"98\" style=\"\"><\/span><\/p>\n<p style=\"text-align: center;\"><span style=\"font-size: 18px; color: rgb(0, 0, 0);\"><strong>Anke Ernst<\/strong><\/span><strong><\/strong><\/p>\n<p style=\"text-align: center;\"><a href=\"https:\/\/indeinenworten.de\/\" rel=\"noopener\" style=\"outline: none;\" target=\"_blank\">indeinenworten.de<\/a><\/p>\n<p style=\"text-align: center;\">\u201cFinn ist ein sympathischer Experte (und Nerd), sein Wissen fundiert und seine Begeisterung ansteckend. Endlich habe ich verstanden, wie Google und SEO funktionieren.\u201d<\/p>","protected":false},"excerpt":{"rendered":"<p>Du m\u00f6chtest mehr Leser f\u00fcr deinen Blog und mehr Kunden f\u00fcr dein Online-Business? Dann mache es wie 10.500+ andere Online-Unternehmer und abonniere unseren Newsletter mit exklusiven Blog- und SEO-Tipps. Als Geschenk erh\u00e4ltst du unser E-Book Die 12 Gesetze unglaublich erfolgreicher Blogartikel. Please enter a valid email. Abmeldung jederzeit m\u00f6glich. Etwa 2 bis 5 E-Mails im [&hellip;]<\/p>\n","protected":false},"author":15,"featured_media":0,"parent":0,"menu_order":0,"comment_status":"closed","ping_status":"closed","template":"","meta":{"_acf_changed":false,"footnotes":""},"class_list":{"0":"post-1030","1":"page","2":"type-page","3":"status-publish","4":"hentry","5":"post-wrapper","6":"thrv_wrapper","9":"thrive-animated-item"},"acf":[],"_links":{"self":[{"href":"https:\/\/www.brainheart.life\/en\/wp-json\/wp\/v2\/pages\/1030","targetHints":{"allow":["GET"]}}],"collection":[{"href":"https:\/\/www.brainheart.life\/en\/wp-json\/wp\/v2\/pages"}],"about":[{"href":"https:\/\/www.brainheart.life\/en\/wp-json\/wp\/v2\/types\/page"}],"author":[{"embeddable":true,"href":"https:\/\/www.brainheart.life\/en\/wp-json\/wp\/v2\/users\/15"}],"replies":[{"embeddable":true,"href":"https:\/\/www.brainheart.life\/en\/wp-json\/wp\/v2\/comments?post=1030"}],"version-history":[{"count":0,"href":"https:\/\/www.brainheart.life\/en\/wp-json\/wp\/v2\/pages\/1030\/revisions"}],"wp:attachment":[{"href":"https:\/\/www.brainheart.life\/en\/wp-json\/wp\/v2\/media?parent=1030"}],"curies":[{"name":"wp","href":"https:\/\/api.w.org\/{rel}","templated":true}]}}