{"id":1271,"date":"2022-11-13T15:30:51","date_gmt":"2022-11-13T14:30:51","guid":{"rendered":"https:\/\/www.brainheart.life\/?page_id=1271"},"modified":"2025-09-26T14:49:20","modified_gmt":"2025-09-26T13:49:20","slug":"buecher","status":"publish","type":"page","link":"https:\/\/www.brainheart.life\/en\/buecher\/","title":{"rendered":"B\u00fccher"},"content":{"rendered":"<h2>Der Weg zur emotionalen Selbst\u00e4ndigkeit<\/h2>\n<p><strong>Emotionale Verletzungen heilen underf\u00fcllende Beziehungen leben<\/strong><\/p>\n<p>Jeder Mensch ist beziehungsf\u00e4hig \u2013 Dieses Buch bei der Hand und begleitet dich zur Heilung deiner emotionalen Verletzungen und zu erf\u00fcllenden zwischenmenschlichen Beziehungen.&nbsp;<strong>Werde zum<\/strong>&nbsp;<strong>Sch\u00f6pfer deines Beziehungsgl\u00fccks&nbsp;<\/strong>und finde eine ausgewogene Balance&nbsp;<strong>zwischen Anpassung und Selbstbehauptung<\/strong> in deinen Beziehungen.<\/p>\n<p>von <a href=\"https:\/\/www.bios-shop.eu\/autoren\/#dr-ernestina-mazza\" target=\"_blank\" style=\"outline: none;\" rel=\"noopener\"><\/a>Dott.ssa. Mag. Dipl. P\u00e4d. Ernestina Mazza<\/p>\n<p><span><img decoding=\"async\" alt=\"Emotionale Selbstst\u00e4ndigkeit\" data-id=\"2582\" width=\"502\" data-init-width=\"832\" height=\"713\" data-init-height=\"1181\" title=\"\" loading=\"lazy\" src=\"https:\/\/www.brainheart.life\/wp-content\/uploads\/2025\/09\/Frontcover_Emotionale-Selbstaendigkeit.jpg\" data-width=\"502\" data-height=\"713\" style=\"aspect-ratio: auto 832 \/ 1181;\"><\/span><span><img decoding=\"async\" alt=\"Buch: Im Fluss mit dem Leben sein - Das Tao der Intuition\" data-id=\"2583\" width=\"502\" data-init-width=\"1200\" height=\"502\" data-init-height=\"1200\" title=\"im-fluss-mit-dem-leben-sein_front\" loading=\"lazy\" src=\"https:\/\/www.brainheart.life\/wp-content\/uploads\/2025\/09\/im-fluss-mit-dem-leben-sein_front.jpg\" data-width=\"502\" data-height=\"502\" style=\"aspect-ratio: auto 1200 \/ 1200;\"><\/span><\/p>\n<h2>Im Fluss mit dem Leben sein<\/h2>\n<p><strong>Das Tao der Intuition<\/strong><\/p>\n<p>Vertraue endlich deiner inneren Stimme!In Dir schlummert eine innere Stimme von unsch\u00e4tzbarem Wert, die aber h\u00e4ufig untersch\u00e4tzt wird und tief begraben unter der viel beschworenen Vernunft liegt. Dieser weise Ratgeber gew\u00e4hrt dir Zugang zu deiner Intuition und schenkt dir den Mut, dich deiner inneren Weisheit in jeder Lebenslage zu bedienen.<\/p>\n<p>von Dott.ssa. Mag. Dipl. P\u00e4d. Ernestina Mazza<\/p>\n<h2>Entr\u00fcmpeln leicht gemacht<\/h2>\n<p><strong>Entr\u00fcmpeln Sie Ihren Kopf, Ihre Seele und Ihr Zuhause erfolgreich und beginnen Sie ein neues Leben!<\/strong><\/p>\n<p>Verwandeln Sie Ihre Wohnr\u00e4ume und sich selbst in eine Kraftquelle \u2013 mit den Tipps der Wohnraumpsychologie<\/p>\n<p>Mithilfe dieses Buchs k\u00f6nnen Sie&nbsp;<strong>entr\u00fcmpeln, ausmisten<\/strong>&nbsp;und&nbsp;<strong>Ordnung schaffen<\/strong>, leicht und mit System,&nbsp;<strong>mental<\/strong>&nbsp;und&nbsp;<strong>zu Hause<\/strong>. Als ersten Schritt&nbsp;<strong>befreien<\/strong>&nbsp;Sie sich&nbsp;<strong>von mentalem<\/strong>&nbsp;und&nbsp;<strong>seelischem Ger\u00fcmpel.<\/strong>&nbsp;Mit freiem Kopf widmen Sie sich dann dem&nbsp;<strong>Entr\u00fcmpeln Ihrer Wohnr\u00e4ume<\/strong>&nbsp;\u2013 und verwandeln Ihr Zuhause damit in eine&nbsp;<strong>Kraftquelle<\/strong>&nbsp;und&nbsp;<strong>Oase der Regeneration.<\/strong><\/p>\n<p>Sie schaffen Platz f\u00fcr Neues und f\u00fcr mehr Gl\u00fcck in Ihrem Leben.<\/p>\n<p>von Dott.ssa. Mag. Dipl. P\u00e4d. Ernestina Mazza<\/p>\n<p><span><img decoding=\"async\" alt=\"Buch Entr\u00fcmpeln Raumkl\u00e4rung\" data-id=\"2590\" width=\"502\" data-init-width=\"800\" height=\"753\" data-init-height=\"1200\" title=\"_Cover_Entruempeln leicht gemacht_FRONT 2\" loading=\"lazy\" src=\"https:\/\/www.brainheart.life\/wp-content\/uploads\/2025\/09\/Cover_Entruempeln-leicht-gemacht_FRONT-2.jpg\" data-width=\"502\" data-height=\"753\" style=\"aspect-ratio: auto 800 \/ 1200;\"><\/span><span><img decoding=\"async\" alt=\"Buch Gl\u00fcckliche Kinder\" data-id=\"2594\" width=\"500\" data-init-width=\"500\" height=\"750\" data-init-height=\"750\" title=\"_Cover_Glueckliche Kinder gelassene Erwachsene_FRONT_klein_web\" loading=\"lazy\" src=\"https:\/\/www.brainheart.life\/wp-content\/uploads\/2025\/09\/Cover_Glueckliche-Kinder-gelassene-Erwachsene_FRONT_klein_web.jpg\" data-width=\"500\" data-height=\"750\" style=\"aspect-ratio: auto 500 \/ 750;\"><\/span><\/p>\n<h2>Gl\u00fcckliche Kinder, gelassene Erwachsene<\/h2>\n<p><strong>Selbstwahrnehmung und emotionale Intelligenz bei Kindern und Jugendlichen f\u00f6rdern<\/strong><\/p>\n<p><em>Willst du dein Kind auf dem Weg zur Entfaltung seiner emotionalen Intelligenz begleiten?W\u00fcnschst du dir, dass dein Kind mental stark und sozial kompetent durchs Leben geht?Willst du dein Kind dabei st\u00e4rken, seinen Selbstausdruck zu leben?<\/em>Sind das die W\u00fcnsche, die du in dir tr\u00e4gst, dann ist der Griff zu diesem Buch die absolut richtige Entscheidung. Mit fundiertem psychologischen Wissen und vielfach erprobten Mental- und Empathietrainingstechniken hilft dir dieser Ratgeber dabei, deine Kinder in der Entfaltung ihrer mentalen Kraft zu unterst\u00fctzen und die Reifung ihrer emotionalen Intelligenz zu f\u00f6rdern.<\/p>\n<p>von Dott.ssa. Mag. Dipl. P\u00e4d. Ernestina Mazza<\/p>","protected":false},"excerpt":{"rendered":"<p>Der Weg zur emotionalen Selbst\u00e4ndigkeit Emotionale Verletzungen heilen underf\u00fcllende Beziehungen leben Jeder Mensch ist beziehungsf\u00e4hig \u2013 Dieses Buch bei der Hand und begleitet dich zur Heilung deiner emotionalen Verletzungen und zu erf\u00fcllenden zwischenmenschlichen Beziehungen.&nbsp;Werde zum&nbsp;Sch\u00f6pfer deines Beziehungsgl\u00fccks&nbsp;und finde eine ausgewogene Balance&nbsp;zwischen Anpassung und Selbstbehauptung in deinen Beziehungen. von Dott.ssa. Mag. Dipl. P\u00e4d. Ernestina Mazza Im [&hellip;]<\/p>\n","protected":false},"author":15,"featured_media":0,"parent":0,"menu_order":0,"comment_status":"closed","ping_status":"closed","template":"","meta":{"_acf_changed":false,"footnotes":""},"class_list":["post-1271","page","type-page","status-publish","hentry","post-wrapper","thrv_wrapper"],"acf":[],"_links":{"self":[{"href":"https:\/\/www.brainheart.life\/en\/wp-json\/wp\/v2\/pages\/1271","targetHints":{"allow":["GET"]}}],"collection":[{"href":"https:\/\/www.brainheart.life\/en\/wp-json\/wp\/v2\/pages"}],"about":[{"href":"https:\/\/www.brainheart.life\/en\/wp-json\/wp\/v2\/types\/page"}],"author":[{"embeddable":true,"href":"https:\/\/www.brainheart.life\/en\/wp-json\/wp\/v2\/users\/15"}],"replies":[{"embeddable":true,"href":"https:\/\/www.brainheart.life\/en\/wp-json\/wp\/v2\/comments?post=1271"}],"version-history":[{"count":0,"href":"https:\/\/www.brainheart.life\/en\/wp-json\/wp\/v2\/pages\/1271\/revisions"}],"wp:attachment":[{"href":"https:\/\/www.brainheart.life\/en\/wp-json\/wp\/v2\/media?parent=1271"}],"curies":[{"name":"wp","href":"https:\/\/api.w.org\/{rel}","templated":true}]}}