{"id":2451,"date":"2025-09-18T10:36:46","date_gmt":"2025-09-18T09:36:46","guid":{"rendered":"https:\/\/www.brainheart.life\/?page_id=2451"},"modified":"2025-12-13T00:36:27","modified_gmt":"2025-12-12T23:36:27","slug":"online-kurse","status":"publish","type":"page","link":"https:\/\/www.brainheart.life\/en\/online-kurse\/","title":{"rendered":"Online Kurse"},"content":{"rendered":"<p><span><img decoding=\"async\" alt=\"Hochsensibilit\u00e4t st\u00e4rken\" data-id=\"2193\" width=\"431\" data-init-width=\"1200\" height=\"218\" data-init-height=\"606\" title=\"Hochsensibilit\u00e4t st\u00e4rken\" loading=\"lazy\" src=\"https:\/\/www.brainheart.life\/wp-content\/uploads\/2023\/05\/AdobeStock_222629139_Krakenimages_vor_FAQscom.jpeg\" data-width=\"431\" data-height=\"218\" style=\"aspect-ratio: auto 1200 \/ 606;\"><\/span><\/p>\n<h4 style=\"\">Hochsensibilit\u00e4t Trainer f\u00fcr Erwachsene, Kinder, Jugendliche<\/h4>\n<p><em>Werde der Fels in der Brandung f\u00fcr hochsensible Menschen!<\/em><\/p>\n<p><strong>Start:<\/strong> Mo 24. Mai 2026, 18:30 &#8211; 20:00 Uhr<\/p>\n<p data-ninja-font=\"sans-serif_regular_normal_u2fuc\">Tauche ein in eine Welt, in der du lernst, die Nuancen der Hochsensibilit\u00e4t zu verstehen und sie als kraftvolles Instrument f\u00fcr pers\u00f6nliches Wachstum und Verst\u00e4ndnis zu nutzen. Begleite damit auch andere hochsensible Menschen auf ihrem Weg.<\/p>\n<p><span><img decoding=\"async\" alt=\"Empathische Kommunikation - Barrieren\" data-id=\"2245\" width=\"431\" data-init-width=\"835\" height=\"278\" data-init-height=\"538\" title=\"Empathische Kommunikation - Barrieren\" loading=\"lazy\" src=\"https:\/\/www.brainheart.life\/wp-content\/uploads\/2023\/06\/AdobeStock_46080357_Kommunikation_pio3-e1758209347846.jpeg\" data-width=\"431\" data-height=\"278\" style=\"aspect-ratio: auto 835 \/ 538;\"><\/span><\/p>\n<h4 style=\"\">Heilung des verlorenen Zwillings \u2013 Ein Weg zur Ganzheit<\/h4>\n<p><em>Beginne noch heute deine Reise zu einem vollst\u00e4ndigeren Selbst!<\/em><\/p>\n<p><strong>Start:<\/strong> Jederzeit online im Selbststudium<\/p>\n<p data-ninja-font=\"sans-serif_regular_normal_u2fuc\">Dieses Seminar richtet sich an all jene, die auf der Suche nach Ganzheit sind und die tiefgreifenden Auswirkungen pr\u00e4nataler Erfahrungen auf ihr Leben erkunden wollen.<\/p>\n<p>&nbsp;&nbsp;<\/p>","protected":false},"excerpt":{"rendered":"<p>Hochsensibilit\u00e4t Trainer f\u00fcr Erwachsene, Kinder, Jugendliche Werde der Fels in der Brandung f\u00fcr hochsensible Menschen! Start: Mo 24. Mai 2026, 18:30 &#8211; 20:00 Uhr Tauche ein in eine Welt, in der du lernst, die Nuancen der Hochsensibilit\u00e4t zu verstehen und sie als kraftvolles Instrument f\u00fcr pers\u00f6nliches Wachstum und Verst\u00e4ndnis zu nutzen. Begleite damit auch andere [&hellip;]<\/p>\n","protected":false},"author":15,"featured_media":0,"parent":0,"menu_order":0,"comment_status":"closed","ping_status":"closed","template":"","meta":{"_acf_changed":false,"footnotes":"","tve_updated_post":"<div class=\"thrv_wrapper thrv_contentbox_shortcode thrv-content-box tve-elem-default-pad\" style=\"\" data-css=\"tve-u-1996d5c3b67\">\n\t<div class=\"tve-content-box-background\"><\/div>\n\t<div class=\"tve-cb\"><div class=\"thrv_wrapper thrv-columns\" style=\"--tcb-col-el-width: 1324;\"><div class=\"tcb-flex-row v-2 tcb--cols--2\"><div class=\"tcb-flex-col c-33\"><div class=\"tcb-col\"><div class=\"thrv_wrapper tve_image_caption\" data-css=\"tve-u-1996d5c3b65\"><span class=\"tve_image_frame\"><img decoding=\"async\" class=\"tve_image wp-image-2193\" alt=\"Hochsensibilit\u00e4t st\u00e4rken\" data-id=\"2193\" width=\"431\" data-init-width=\"1200\" height=\"218\" data-init-height=\"606\" title=\"Hochsensibilit\u00e4t st\u00e4rken\" loading=\"lazy\" src=\"https:\/\/www.brainheart.life\/wp-content\/uploads\/2023\/05\/AdobeStock_222629139_Krakenimages_vor_FAQscom.jpeg\" data-width=\"431\" data-height=\"218\" style=\"aspect-ratio: auto 1200 \/ 606;\"><\/span><\/div><\/div><\/div><div class=\"tcb-flex-col c-66\" data-css=\"tve-u-1996d5c3b66\" style=\"\"><div class=\"tcb-col\"><div class=\"thrv_wrapper thrv_text_element\"><h4 class=\"\" style=\"\" data-css=\"tve-u-1996d5c3b69\">Hochsensibilit\u00e4t Trainer f\u00fcr Erwachsene, Kinder, Jugendliche<\/h4><\/div><div class=\"thrv_wrapper thrv_text_element\"><p><em>Werde der Fels in der Brandung f\u00fcr hochsensible Menschen!<\/em><\/p><\/div><div class=\"thrv_wrapper thrv_text_element\"><p><strong>Start:<\/strong> Mo 24. Mai 2026, 18:30 - 20:00 Uhr<\/p><\/div><div class=\"thrv_wrapper thrv_text_element\"><p data-ninja-font=\"sans-serif_regular_normal_u2fuc\">Tauche ein in eine Welt, in der du lernst, die Nuancen der Hochsensibilit\u00e4t zu verstehen und sie als kraftvolles Instrument f\u00fcr pers\u00f6nliches Wachstum und Verst\u00e4ndnis zu nutzen. Begleite damit auch andere hochsensible Menschen auf ihrem Weg.<\/p><\/div><div class=\"thrv_wrapper thrv-button thrv-button-v2 tcb-local-vars-root tcb-global-button-mfp4eug5\" style=\"\" data-css=\"tve-u-1996d5c3b68\">\n\t<div class=\"thrive-colors-palette-config\" style=\"display: none !important\">__CONFIG_colors_palette__{\"active_palette\":0,\"config\":{\"colors\":{\"62516\":{\"name\":\"Main Accent\",\"parent\":-1}},\"gradients\":[]},\"palettes\":[{\"name\":\"Default Palette\",\"value\":{\"colors\":{\"62516\":{\"val\":\"rgb(0, 99, 175)\"}},\"gradients\":[]}}]}__CONFIG_colors_palette__<\/div>\n\t<a href=\"\/online-kurse\/hochsensibilitaet-trainer-erwachsene-kinder-jugendliche\/\" class=\"tcb-button-link tcb-plain-text\" style=\"\">\n\t\t<span class=\"tcb-button-texts\" style=\"\"><span class=\"tcb-button-text thrv-inline-text tcb-global-button-mfp4eug5-prtext\" style=\"\">zum Online Kurs mit Webinaren<\/span><\/span>\n\t<\/a>\n<\/div><\/div><\/div><\/div><\/div><\/div>\n<\/div><div class=\"thrv_wrapper thrv_contentbox_shortcode thrv-content-box tve-elem-default-pad\" style=\"\" data-css=\"tve-u-68cbd27d522168\">\n\t<div class=\"tve-content-box-background\"><\/div>\n\t<div class=\"tve-cb\"><div class=\"thrv_wrapper thrv-columns\" style=\"--tcb-col-el-width: 1324;\"><div class=\"tcb-flex-row v-2 tcb--cols--2\"><div class=\"tcb-flex-col c-33\"><div class=\"tcb-col\"><div class=\"thrv_wrapper tve_image_caption\" data-css=\"tve-u-68cbd27d5221d4\"><span class=\"tve_image_frame\"><img decoding=\"async\" class=\"tve_image wp-image-2245\" alt=\"Empathische Kommunikation - Barrieren\" data-id=\"2245\" width=\"431\" data-init-width=\"835\" height=\"278\" data-init-height=\"538\" title=\"Empathische Kommunikation - Barrieren\" loading=\"lazy\" src=\"https:\/\/www.brainheart.life\/wp-content\/uploads\/2023\/06\/AdobeStock_46080357_Kommunikation_pio3-e1758209347846.jpeg\" data-width=\"431\" data-height=\"278\" style=\"aspect-ratio: auto 835 \/ 538;\"><\/span><\/div><\/div><\/div><div class=\"tcb-flex-col c-66\" data-css=\"tve-u-68cbd27d5221f3\" style=\"\"><div class=\"tcb-col\"><div class=\"thrv_wrapper thrv_text_element\"><h4 class=\"\" style=\"\" data-css=\"tve-u-68cbd27d522211\">Heilung des verlorenen Zwillings \u2013 Ein Weg zur Ganzheit<\/h4><\/div><div class=\"thrv_wrapper thrv_text_element\"><p><em>Beginne noch heute deine Reise zu einem vollst\u00e4ndigeren Selbst!<\/em><\/p><\/div><div class=\"thrv_wrapper thrv_text_element\">\t<p><strong>Start:<\/strong> Jederzeit online im Selbststudium<\/p><\/div><div class=\"thrv_wrapper thrv_text_element\">\t<p data-ninja-font=\"sans-serif_regular_normal_u2fuc\">Dieses Seminar richtet sich an all jene, die auf der Suche nach Ganzheit sind und die tiefgreifenden Auswirkungen pr\u00e4nataler Erfahrungen auf ihr Leben erkunden wollen.<\/p><\/div><div class=\"thrv_wrapper thrv-button thrv-button-v2 tcb-local-vars-root tcb-global-button-mfp4eug5\" style=\"\" data-css=\"tve-u-68cbd27d522230\" data-button-size=\"s\">\n\t<div class=\"thrive-colors-palette-config\" style=\"display: none !important\">__CONFIG_colors_palette__{\"active_palette\":0,\"config\":{\"colors\":{\"62516\":{\"name\":\"Main Accent\",\"parent\":-1}},\"gradients\":[]},\"palettes\":[{\"name\":\"Default Palette\",\"value\":{\"colors\":{\"62516\":{\"val\":\"rgb(0, 99, 175)\"}},\"gradients\":[]}}]}__CONFIG_colors_palette__<\/div>\n\t<a href=\"\/online-kurse\/heilung-verlorener-zwilling\/\" class=\"tcb-button-link tcb-plain-text\" style=\"\">\n\t\t<span class=\"tcb-button-texts\" style=\"\"><span class=\"tcb-button-text thrv-inline-text tcb-global-button-mfp4eug5-prtext\" style=\"\">zum Online Kurs<\/span><\/span>\n\t<\/a>\n<\/div><\/div><\/div><\/div><\/div><\/div>\n<\/div><div class=\"thrv_wrapper thrv_text_element\">\t<p>&nbsp;&nbsp;<\/p><\/div>","tve_custom_css":"@media (min-width: 300px){[data-css=\"tve-u-68cbd27d5221d4\"] { width: 1200px; }[data-css=\"tve-u-68cbd27d5221f3\"] { max-width: 66.6665%; }[data-css=\"tve-u-68cbd27d522168\"] { padding-top: 0px !important; padding-bottom: 0px !important; margin-top: 20px !important; }[data-css=\"tve-u-68cbd27d522230\"] { margin-top: 5px !important; margin-bottom: 5px !important; }:not(#tve) [data-css=\"tve-u-68cbd27d522211\"] { padding-top: 10px !important; margin-top: 0px !important; padding-bottom: 5px !important; margin-bottom: 0px !important; }.tcb-post-list[data-css=\"tve-u-17729e928e3\"] .post-wrapper.thrv_wrapper { width: calc(50% - 3.5px); }.tcb-post-list[data-css=\"tve-u-17729e928e3\"] .post-wrapper.thrv_wrapper:nth-child(n+3) { margin-top: 10px !important; }.tcb-post-list[data-css=\"tve-u-17729e928e3\"] .post-wrapper.thrv_wrapper:not(:nth-child(n+3)) { margin-top: 0px !important; }.tcb-post-list[data-css=\"tve-u-17729e928e3\"] .post-wrapper.thrv_wrapper:not(:nth-child(2n)) { margin-right: 7px !important; }.tcb-post-list[data-css=\"tve-u-17729e928e3\"] .post-wrapper.thrv_wrapper:nth-child(2n) { margin-right: 0px !important; }[data-css=\"tve-u-1996d5c3b65\"] { width: 1200px; }[data-css=\"tve-u-1996d5c3b66\"] { max-width: 66.6665%; }[data-css=\"tve-u-1996d5c3b67\"] { padding-top: 0px !important; padding-bottom: 0px !important; margin-top: 20px !important; }[data-css=\"tve-u-1996d5c3b68\"] { margin-top: 5px !important; margin-bottom: 5px !important; }:not(#tve) [data-css=\"tve-u-1996d5c3b69\"] { font-size: 28px !important; line-height: 1.4em !important; padding-bottom: 5px !important; margin-bottom: 0px !important; padding-top: 10px !important; margin-top: 0px !important; }}","tve_user_custom_css":"","tve_globals":{"e":"1","font_cls":[]},"tcb2_ready":1,"tcb_editor_enabled":1,"tve_landing_page":"","_tve_header":"","_tve_footer":""},"class_list":["post-2451","page","type-page","status-publish","hentry","post-wrapper","thrv_wrapper"],"acf":[],"_links":{"self":[{"href":"https:\/\/www.brainheart.life\/en\/wp-json\/wp\/v2\/pages\/2451","targetHints":{"allow":["GET"]}}],"collection":[{"href":"https:\/\/www.brainheart.life\/en\/wp-json\/wp\/v2\/pages"}],"about":[{"href":"https:\/\/www.brainheart.life\/en\/wp-json\/wp\/v2\/types\/page"}],"author":[{"embeddable":true,"href":"https:\/\/www.brainheart.life\/en\/wp-json\/wp\/v2\/users\/15"}],"replies":[{"embeddable":true,"href":"https:\/\/www.brainheart.life\/en\/wp-json\/wp\/v2\/comments?post=2451"}],"version-history":[{"count":0,"href":"https:\/\/www.brainheart.life\/en\/wp-json\/wp\/v2\/pages\/2451\/revisions"}],"wp:attachment":[{"href":"https:\/\/www.brainheart.life\/en\/wp-json\/wp\/v2\/media?parent=2451"}],"curies":[{"name":"wp","href":"https:\/\/api.w.org\/{rel}","templated":true}]}}