{"id":464,"date":"2021-03-15T17:02:05","date_gmt":"2021-03-15T16:02:05","guid":{"rendered":"https:\/\/www.brainheart.life\/?page_id=464"},"modified":"2025-12-13T00:10:54","modified_gmt":"2025-12-12T23:10:54","slug":"ausbildungen","status":"publish","type":"page","link":"https:\/\/www.brainheart.life\/en\/ausbildungen\/","title":{"rendered":"Ausbildungen"},"content":{"rendered":"<p><span><img decoding=\"async\" alt=\"\" data-id=\"1879\" width=\"405\" data-init-width=\"415\" height=\"442\" data-init-height=\"453\" title=\"Blog_klein 9\" loading=\"lazy\" src=\"https:\/\/www.brainheart.life\/wp-content\/uploads\/2022\/12\/Blog_klein-9-2.jpg\" data-width=\"405\" data-height=\"442\" style=\"aspect-ratio: auto 415 \/ 453;\"><\/span><\/p>\n<h4 style=\"\">Lern- und Resilienzcoach f\u00fcr Eltern &amp; P\u00e4dagogen<\/h4>\n<p>Lerne Kinder und Jugendliche tiefgreifend zu st\u00e4rken<\/p>\n<p><strong>Start:<\/strong> M\u00e4rz 2026<\/p>\n<p data-ninja-font=\"sans-serif_regular_normal_u2fuc\">Die Lern- und Resilienzcoach-Ausbildung bef\u00e4higt dich, Kinder in ihren Lernprozessen professionell zu begleiten und Eltern bei Lernherausforderungen zu unterst\u00fctzen. Erlange Kompetenzen zur F\u00f6rderung individueller Lernwege und einer harmonischen Eltern-Kind-Beziehung.<\/p>\n<p>&nbsp;<\/p>","protected":false},"excerpt":{"rendered":"<p>Lern- und Resilienzcoach f\u00fcr Eltern &amp; P\u00e4dagogen Lerne Kinder und Jugendliche tiefgreifend zu st\u00e4rken Start: M\u00e4rz 2026 Die Lern- und Resilienzcoach-Ausbildung bef\u00e4higt dich, Kinder in ihren Lernprozessen professionell zu begleiten und Eltern bei Lernherausforderungen zu unterst\u00fctzen. Erlange Kompetenzen zur F\u00f6rderung individueller Lernwege und einer harmonischen Eltern-Kind-Beziehung. &nbsp;<\/p>","protected":false},"author":15,"featured_media":0,"parent":0,"menu_order":0,"comment_status":"closed","ping_status":"closed","template":"","meta":{"_acf_changed":false,"footnotes":""},"class_list":["post-464","page","type-page","status-publish","hentry","post-wrapper","thrv_wrapper"],"acf":[],"_links":{"self":[{"href":"https:\/\/www.brainheart.life\/en\/wp-json\/wp\/v2\/pages\/464","targetHints":{"allow":["GET"]}}],"collection":[{"href":"https:\/\/www.brainheart.life\/en\/wp-json\/wp\/v2\/pages"}],"about":[{"href":"https:\/\/www.brainheart.life\/en\/wp-json\/wp\/v2\/types\/page"}],"author":[{"embeddable":true,"href":"https:\/\/www.brainheart.life\/en\/wp-json\/wp\/v2\/users\/15"}],"replies":[{"embeddable":true,"href":"https:\/\/www.brainheart.life\/en\/wp-json\/wp\/v2\/comments?post=464"}],"version-history":[{"count":0,"href":"https:\/\/www.brainheart.life\/en\/wp-json\/wp\/v2\/pages\/464\/revisions"}],"wp:attachment":[{"href":"https:\/\/www.brainheart.life\/en\/wp-json\/wp\/v2\/media?parent=464"}],"curies":[{"name":"wp","href":"https:\/\/api.w.org\/{rel}","templated":true}]}}