{"id":475,"date":"2021-03-15T17:06:45","date_gmt":"2021-03-15T16:06:45","guid":{"rendered":"https:\/\/www.brainheart.life\/?page_id=475"},"modified":"2026-04-19T20:39:44","modified_gmt":"2026-04-19T19:39:44","slug":"impressum","status":"publish","type":"page","link":"https:\/\/www.brainheart.life\/en\/impressum\/","title":{"rendered":"Imprint"},"content":{"rendered":"<p>Informationspflicht laut \u00a75 E-Commerce Gesetz, \u00a714 Unternehmensgesetzbuch, \u00a763 Gewerbeordnung und Offenlegungspflicht laut \u00a725 Mediengesetz:<\/p>\n<h2><strong><span><span>akademie bios<\/span>&nbsp;&#8211; Dr Ernestina Mazza OG<\/span><\/strong><\/h2>\n<p>Bergmanngasse 46\/1\/2<br \/>8010 Graz<br \/>\u00d6sterreich<\/p>\n<p>Mobil: +43 (0) 699 \/ 11 22 54 16<br \/>Email: <a href=\"mailto:info@brainheart.life\" target=\"_blank\">info@brainheart.life<\/a><br \/>Web: <a href=\"https:\/\/www.brainheart.life\/en\/\">www.brainheart.life<\/a><\/p>\n<p><strong><span>UID:<\/span><span>&nbsp;<\/span><\/strong>&nbsp;ATU&nbsp;6849 4523&nbsp;<br \/><strong><span>Gerichtsstand:<\/span><\/strong>&nbsp;Graz-West<br \/><strong><span>Firmenbuchnummer:<\/span><\/strong>&nbsp;&nbsp;FN 409990 b&nbsp;<br \/><strong><span>Aufsichtsbeh\u00f6rde:<\/span><\/strong>&nbsp;&nbsp;LG f\u00fcr Zivilrechtssachen Graz<br \/><strong><span>Gewerbl. Kammer:<\/span><\/strong>&nbsp; WKO Steiermark &gt; Humanenergetik, Buch- und Medienverlag, Handel (allgemein), Seminarorganisation<br \/><span><strong>Unternehmensgegenstand:<\/strong><\/span>&nbsp; Aus- und Weiterbildung \/ Erwachsenenbildung in der Gesundheitsf\u00f6rderung, Verlagst\u00e4tigkeit mit Buch- und Medienprodukten<\/p>\n<p><strong><span>Vertretungsberechtigte Gesellschafter:<\/span><\/strong>&nbsp;Mag. (FH) Clemens Mazza, Dott.ssa. Ernestina Mazza<br \/><strong><span>Gesch\u00e4ftsf\u00fchrung:<\/span><\/strong>&nbsp;Mag. (FH) Clemens Mazza<br \/><strong><span>P\u00e4dagogische Leitung der Akademie:<\/span><\/strong>&nbsp;Dott.ssa. Ernestina Mazza<\/p>\n<p><strong><span>Verantwortliche f\u00fcr den redaktionellen Inhalt im Blog<\/span><\/strong><strong><span>:<\/span><\/strong><br \/>Dott.ssa. Ernestina Mazza, Bergmanngasse 46\/1\/2, 8010 Graz, \u00d6sterreich<\/p>\n<\/p>\n<h2><strong>Bildquellenangaben<\/strong><\/h2>\n<p>Alle Fotos &#8211; au\u00dfer jenem von Dott.ssa. Ernestina Mazza &#8211; sind von der Bilddatenbank https:\/\/stock.adobe.com und deren Quellenangabe wurde entweder auf der jeweiligen Seite unterhalb des Bildes angef\u00fchrt &#8211; oder sie ist direkt in der Bilddatei (in den Bildinformationen) gespeichert. Sollte keine Quellenangabe zu sehen sein, ist das jeweilige Bild aus der Public Domain.<\/p>\n<h2><strong>Urheberrechtshinweis<\/strong><\/h2>\n<p>Alle Rechte, insbesondere das Recht der Vervielf\u00e4ltigung und Verbreitung sowie der \u00dcbersetzung, vorbehalten. Kein Teil des Werkes darf in irgendeiner Form, weder durch fotomechanische Verfahren einschlie\u00dflich Fotokopie, Mikrofilm oder durch ein anderes Verfahren ohne schriftliche Genehmigung des Herausgebers reproduziert oder unter Verwendung elektronischer Systeme, insbesondere in Datenbanken, gespeichert, verarbeitet, vervielf\u00e4ltigt, verbreitet oder anderweitig genutzt werden.<\/p>\n<p>Eine Privatkopie der Inhalte ist nur f\u00fcr private Zwecke und nicht \u00f6ffentlich einsehbar (nach \u00a7 42 Abs. 1 und 4 des \u00d6sterreichischen Urheberrechtsgesetzes) erlaubt.<\/p>\n<p><strong>Die Texte dieser Webseite werden<\/strong><strong>&nbsp;fortlaufend automatisiert auf Kopien dieser Inhalte auf anderen Webseiten gepr\u00fcft<\/strong>&nbsp;und es k\u00f6nnen somit Plagiate &#8211; auch nur auszugsweise oder in leicht ver\u00e4nderter Form &#8211; erkannt werden. Wir behalten uns diesbez\u00fcglich alle Anspr\u00fcche insbesondere auf Schadensersatz, Beseitigung, Unterlassung und Urteilsver\u00f6ffentlichung vor.<\/p>\n<p><\/p>","protected":false},"excerpt":{"rendered":"<p>Informationspflicht laut \u00a75 E-Commerce Gesetz, \u00a714 Unternehmensgesetzbuch, \u00a763 Gewerbeordnung und Offenlegungspflicht laut \u00a725 Mediengesetz: akademie bios&nbsp;&#8211; Dr Ernestina Mazza OG Bergmanngasse 46\/1\/28010 Graz\u00d6sterreich Mobil: +43 (0) 699 \/ 11 22 54 16Email: info@brainheart.lifeWeb: www.brainheart.life UID:&nbsp;&nbsp;ATU&nbsp;6849 4523&nbsp;Gerichtsstand:&nbsp;Graz-WestFirmenbuchnummer:&nbsp;&nbsp;FN 409990 b&nbsp;Aufsichtsbeh\u00f6rde:&nbsp;&nbsp;LG f\u00fcr Zivilrechtssachen GrazGewerbl. Kammer:&nbsp; WKO Steiermark &gt; Humanenergetik, Buch- und Medienverlag, Handel (allgemein), SeminarorganisationUnternehmensgegenstand:&nbsp; Aus- und Weiterbildung [&hellip;]<\/p>\n","protected":false},"author":15,"featured_media":0,"parent":0,"menu_order":0,"comment_status":"closed","ping_status":"closed","template":"","meta":{"_acf_changed":false,"footnotes":""},"class_list":["post-475","page","type-page","status-publish","hentry","post-wrapper","thrv_wrapper"],"acf":[],"_links":{"self":[{"href":"https:\/\/www.brainheart.life\/en\/wp-json\/wp\/v2\/pages\/475","targetHints":{"allow":["GET"]}}],"collection":[{"href":"https:\/\/www.brainheart.life\/en\/wp-json\/wp\/v2\/pages"}],"about":[{"href":"https:\/\/www.brainheart.life\/en\/wp-json\/wp\/v2\/types\/page"}],"author":[{"embeddable":true,"href":"https:\/\/www.brainheart.life\/en\/wp-json\/wp\/v2\/users\/15"}],"replies":[{"embeddable":true,"href":"https:\/\/www.brainheart.life\/en\/wp-json\/wp\/v2\/comments?post=475"}],"version-history":[{"count":0,"href":"https:\/\/www.brainheart.life\/en\/wp-json\/wp\/v2\/pages\/475\/revisions"}],"wp:attachment":[{"href":"https:\/\/www.brainheart.life\/en\/wp-json\/wp\/v2\/media?parent=475"}],"curies":[{"name":"wp","href":"https:\/\/api.w.org\/{rel}","templated":true}]}}